{"id":613,"date":"2024-06-20T17:30:16","date_gmt":"2024-06-20T17:30:16","guid":{"rendered":"https:\/\/www.quali-s.com\/?page_id=613"},"modified":"2024-06-20T22:31:59","modified_gmt":"2024-06-20T22:31:59","slug":"quienes-somos","status":"publish","type":"page","link":"https:\/\/www.quali-s.com\/?page_id=613","title":{"rendered":"Qui\u00e9nes somos"},"content":{"rendered":"\t\t<div data-elementor-type=\"wp-page\" data-elementor-id=\"613\" class=\"elementor elementor-613\">\n\t\t\t\t<div class=\"elementor-element elementor-element-4610cc1 e-flex e-con-boxed e-con e-parent\" data-id=\"4610cc1\" data-element_type=\"container\">\n\t\t\t\t\t<div class=\"e-con-inner\">\n\t\t\t\t<div class=\"elementor-element elementor-element-d1d391d elementor-arrows-position-inside elementor-pagination-position-outside elementor-widget elementor-widget-image-carousel\" data-id=\"d1d391d\" data-element_type=\"widget\" data-settings=\"{&quot;navigation&quot;:&quot;both&quot;,&quot;autoplay&quot;:&quot;yes&quot;,&quot;pause_on_hover&quot;:&quot;yes&quot;,&quot;pause_on_interaction&quot;:&quot;yes&quot;,&quot;autoplay_speed&quot;:5000,&quot;infinite&quot;:&quot;yes&quot;,&quot;speed&quot;:500}\" data-widget_type=\"image-carousel.default\">\n\t\t\t\t<div class=\"elementor-widget-container\">\n\t\t\t<style>\/*! elementor - v3.21.0 - 22-05-2024 *\/\n.elementor-widget-image-carousel .swiper,.elementor-widget-image-carousel .swiper-container{position:static}.elementor-widget-image-carousel .swiper-container .swiper-slide figure,.elementor-widget-image-carousel .swiper .swiper-slide figure{line-height:inherit}.elementor-widget-image-carousel .swiper-slide{text-align:center}.elementor-image-carousel-wrapper:not(.swiper-container-initialized):not(.swiper-initialized) .swiper-slide{max-width:calc(100% \/ var(--e-image-carousel-slides-to-show, 3))}<\/style>\t\t<div class=\"elementor-image-carousel-wrapper swiper\" dir=\"ltr\">\n\t\t\t<div class=\"elementor-image-carousel swiper-wrapper\" aria-live=\"off\">\n\t\t\t\t\t\t\t\t<div class=\"swiper-slide\" role=\"group\" aria-roledescription=\"slide\" aria-label=\"1 de 24\"><figure class=\"swiper-slide-inner\"><img decoding=\"async\" class=\"swiper-slide-image\" src=\"https:\/\/www.quali-s.com\/wp-content\/uploads\/elementor\/thumbs\/330625542_1307584263458767_5327253617716436802_n-qpy5wv4vuwnbebpd1ru2ihti8sgujbfz1tog0h04ik.jpg\" alt=\"330625542_1307584263458767_5327253617716436802_n\" \/><\/figure><\/div><div class=\"swiper-slide\" role=\"group\" aria-roledescription=\"slide\" aria-label=\"2 de 24\"><figure class=\"swiper-slide-inner\"><img decoding=\"async\" class=\"swiper-slide-image\" src=\"https:\/\/www.quali-s.com\/wp-content\/uploads\/elementor\/thumbs\/330480321_1332065844256798_7349562657438528132_n-qpy5xr3eb9v2d2exv5ndv9r6fw3bt0yui7uybvoqn0.jpg\" alt=\"330480321_1332065844256798_7349562657438528132_n\" \/><\/figure><\/div><div class=\"swiper-slide\" role=\"group\" aria-roledescription=\"slide\" aria-label=\"3 de 24\"><figure class=\"swiper-slide-inner\"><img decoding=\"async\" class=\"swiper-slide-image\" src=\"https:\/\/www.quali-s.com\/wp-content\/uploads\/elementor\/thumbs\/448323138_432454116415599_5601124985422078125_n-qpy5ygh1fstt2je2qymb8lcmham8kurllph2acn3z0.jpg\" alt=\"448323138_432454116415599_5601124985422078125_n\" \/><\/figure><\/div><div class=\"swiper-slide\" role=\"group\" aria-roledescription=\"slide\" aria-label=\"4 de 24\"><figure class=\"swiper-slide-inner\"><img decoding=\"async\" class=\"swiper-slide-image\" src=\"https:\/\/www.quali-s.com\/wp-content\/uploads\/elementor\/thumbs\/330829296_657555133039362_7304649910751046440_n-qpy5xtwwvryxbwaueov9kr1k81pfg4a1ilterpkk4c.jpg\" alt=\"330829296_657555133039362_7304649910751046440_n\" \/><\/figure><\/div><div class=\"swiper-slide\" role=\"group\" aria-roledescription=\"slide\" aria-label=\"5 de 24\"><figure class=\"swiper-slide-inner\"><img decoding=\"async\" class=\"swiper-slide-image\" src=\"https:\/\/www.quali-s.com\/wp-content\/uploads\/elementor\/thumbs\/369369555_251474461180233_2566246959303767444_n-qpy5y72njggxufrq9uk1jnq0jfwkfvqa8ey7hl11p8.jpg\" alt=\"369369555_251474461180233_2566246959303767444_n\" \/><\/figure><\/div><div class=\"swiper-slide\" role=\"group\" aria-roledescription=\"slide\" aria-label=\"6 de 24\"><figure class=\"swiper-slide-inner\"><img decoding=\"async\" class=\"swiper-slide-image\" src=\"https:\/\/www.quali-s.com\/wp-content\/uploads\/elementor\/thumbs\/333078268_602569197891214_1831198930965730002_n-qpy5xwqfga2saq6qy835a8by07bj37l8izrv7jgdlo.jpg\" alt=\"333078268_602569197891214_1831198930965730002_n\" \/><\/figure><\/div><div class=\"swiper-slide\" role=\"group\" aria-roledescription=\"slide\" aria-label=\"7 de 24\"><figure class=\"swiper-slide-inner\"><img decoding=\"async\" class=\"swiper-slide-image\" src=\"https:\/\/www.quali-s.com\/wp-content\/uploads\/elementor\/thumbs\/330832891_1229798297940526_4753581632459650677_n-qpy5xuur2m07ni9h979w58t0tfksntdruqgw8zj5y4.jpg\" alt=\"330832891_1229798297940526_4753581632459650677_n\" \/><\/figure><\/div><div class=\"swiper-slide\" role=\"group\" aria-roledescription=\"slide\" aria-label=\"8 de 24\"><figure class=\"swiper-slide-inner\"><img decoding=\"async\" class=\"swiper-slide-image\" src=\"https:\/\/www.quali-s.com\/wp-content\/uploads\/elementor\/thumbs\/330985454_3589940624625442_1100292785517823073_n-qpy5xvsl9g1hz4843poipqkhetg5vihi6v4dq9hrrw.jpg\" alt=\"330985454_3589940624625442_1100292785517823073_n\" \/><\/figure><\/div><div class=\"swiper-slide\" role=\"group\" aria-roledescription=\"slide\" aria-label=\"9 de 24\"><figure class=\"swiper-slide-inner\"><img decoding=\"async\" class=\"swiper-slide-image\" src=\"https:\/\/www.quali-s.com\/wp-content\/uploads\/elementor\/thumbs\/340986780_6274029169322489_1941922398411975896_n-qpy5xxo9n442mc5dsqhruq3ell6wawoyv4fcotezfg.jpg\" alt=\"340986780_6274029169322489_1941922398411975896_n\" \/><\/figure><\/div><div class=\"swiper-slide\" role=\"group\" aria-roledescription=\"slide\" aria-label=\"10 de 24\"><figure class=\"swiper-slide-inner\"><img decoding=\"async\" class=\"swiper-slide-image\" src=\"https:\/\/www.quali-s.com\/wp-content\/uploads\/elementor\/thumbs\/351147037_202191969441816_1531561801790651683_n-qpy5xym3ty5cxy40n8wef7uv6z29ilsp792u63dl98.jpg\" alt=\"351147037_202191969441816_1531561801790651683_n\" \/><\/figure><\/div><div class=\"swiper-slide\" role=\"group\" aria-roledescription=\"slide\" aria-label=\"11 de 24\"><figure class=\"swiper-slide-inner\"><img decoding=\"async\" class=\"swiper-slide-image\" src=\"https:\/\/www.quali-s.com\/wp-content\/uploads\/elementor\/thumbs\/358092911_218763311118015_7766236777474315013_n-qpy5y1fmeg97wrzx6s4a4p58z4od5p3w7n1alx9eqk.jpg\" alt=\"358092911_218763311118015_7766236777474315013_n\" \/><\/figure><\/div><div class=\"swiper-slide\" role=\"group\" aria-roledescription=\"slide\" aria-label=\"12 de 24\"><figure class=\"swiper-slide-inner\"><img decoding=\"async\" class=\"swiper-slide-image\" src=\"https:\/\/www.quali-s.com\/wp-content\/uploads\/elementor\/thumbs\/358480373_220859664241713_1875939829569812252_n-1-qpy5y2dglaai8dyk1aiwp6wpkijqde7mjros3780kc.jpg\" alt=\"358480373_220859664241713_1875939829569812252_n (1)\" \/><\/figure><\/div><div class=\"swiper-slide\" role=\"group\" aria-roledescription=\"slide\" aria-label=\"13 de 24\"><figure class=\"swiper-slide-inner\"><img decoding=\"async\" class=\"swiper-slide-image\" src=\"https:\/\/www.quali-s.com\/wp-content\/uploads\/elementor\/thumbs\/363834742_242156905445322_753450287433951340_n-qpy5y56z5sed77ugktqseo73co5u0hitk5n8j13u1o.jpg\" alt=\"363834742_242156905445322_753450287433951340_n\" \/><\/figure><\/div><div class=\"swiper-slide\" role=\"group\" aria-roledescription=\"slide\" aria-label=\"14 de 24\"><figure class=\"swiper-slide-inner\"><img decoding=\"async\" class=\"swiper-slide-image\" src=\"https:\/\/www.quali-s.com\/wp-content\/uploads\/elementor\/thumbs\/369938252_249829838011362_7163157181826231859_n-qpy5y80hqai861qd4cyo45hh4trxnku0kjloyuznj0.jpg\" alt=\"369938252_249829838011362_7163157181826231859_n\" \/><\/figure><\/div><div class=\"swiper-slide\" role=\"group\" aria-roledescription=\"slide\" aria-label=\"15 de 24\"><figure class=\"swiper-slide-inner\"><img decoding=\"async\" class=\"swiper-slide-image\" src=\"https:\/\/www.quali-s.com\/wp-content\/uploads\/elementor\/thumbs\/370464913_250673957926950_9001158462358741715_n-qpy5y8ybx4jihnozyvdaon8xq7nav9xqwo96g4y9cs.jpg\" alt=\"370464913_250673957926950_9001158462358741715_n\" \/><\/figure><\/div><div class=\"swiper-slide\" role=\"group\" aria-roledescription=\"slide\" aria-label=\"16 de 24\"><figure class=\"swiper-slide-inner\"><img decoding=\"async\" class=\"swiper-slide-image\" src=\"https:\/\/www.quali-s.com\/wp-content\/uploads\/elementor\/thumbs\/370504549_251005891227090_5168763749345141561_n-qpy5y9w63ykst9nmtdrx950eblio2z1h8swnxewv6k.jpg\" alt=\"370504549_251005891227090_5168763749345141561_n\" \/><\/figure><\/div><div class=\"swiper-slide\" role=\"group\" aria-roledescription=\"slide\" aria-label=\"17 de 24\"><figure class=\"swiper-slide-inner\"><img decoding=\"async\" class=\"swiper-slide-image\" src=\"https:\/\/www.quali-s.com\/wp-content\/uploads\/elementor\/thumbs\/351496662_202192016108478_3694537359226076949_n-qpy5xzjy0s6n9k2nhrb0zpmbscxmqawfjdqbndc730.jpg\" alt=\"351496662_202192016108478_3694537359226076949_n\" \/><\/figure><\/div><div class=\"swiper-slide\" role=\"group\" aria-roledescription=\"slide\" aria-label=\"18 de 24\"><figure class=\"swiper-slide-inner\"><img decoding=\"async\" class=\"swiper-slide-image\" src=\"https:\/\/www.quali-s.com\/wp-content\/uploads\/elementor\/thumbs\/371334234_251550314505981_9096012293553866418_n-qpy5yau0asm34vm9nw6jtmruwze1ao57kxk5eovh0c.jpg\" alt=\"371334234_251550314505981_9096012293553866418_n\" \/><\/figure><\/div><div class=\"swiper-slide\" role=\"group\" aria-roledescription=\"slide\" aria-label=\"19 de 24\"><figure class=\"swiper-slide-inner\"><img decoding=\"async\" class=\"swiper-slide-image\" src=\"https:\/\/www.quali-s.com\/wp-content\/uploads\/elementor\/thumbs\/375796080_258650447129301_8405097935119619895_n-qpy5ybruhmndghkwiel6e4jbid9eid8xx27mvyu2u4.jpg\" alt=\"375796080_258650447129301_8405097935119619895_n\" \/><\/figure><\/div><div class=\"swiper-slide\" role=\"group\" aria-roledescription=\"slide\" aria-label=\"20 de 24\"><figure class=\"swiper-slide-inner\"><img decoding=\"async\" class=\"swiper-slide-image\" src=\"https:\/\/www.quali-s.com\/wp-content\/uploads\/elementor\/thumbs\/375836391_259245310403148_3518935662508817697_n-qpy5ycpoogons3jjcwzsymas3r4rq2co96v4d8sonw.jpg\" alt=\"375836391_259245310403148_3518935662508817697_n\" \/><\/figure><\/div><div class=\"swiper-slide\" role=\"group\" aria-roledescription=\"slide\" aria-label=\"21 de 24\"><figure class=\"swiper-slide-inner\"><img decoding=\"async\" class=\"swiper-slide-image\" src=\"https:\/\/www.quali-s.com\/wp-content\/uploads\/elementor\/thumbs\/395274982_17885123882948895_2135500923266894124_n-qpy5ydnivapy3pi67fefj428p504xrgelbiluiraho.jpg\" alt=\"395274982_17885123882948895_2135500923266894124_n\" \/><\/figure><\/div><div class=\"swiper-slide\" role=\"group\" aria-roledescription=\"slide\" aria-label=\"22 de 24\"><figure class=\"swiper-slide-inner\"><img decoding=\"async\" class=\"swiper-slide-image\" src=\"https:\/\/www.quali-s.com\/wp-content\/uploads\/elementor\/thumbs\/405536706_17889526052948895_5233746101696854740_n-qpy5ydnivapy3pi67fefj428p504xrgelbiluiraho.jpg\" alt=\"405536706_17889526052948895_5233746101696854740_n\" \/><\/figure><\/div><div class=\"swiper-slide\" role=\"group\" aria-roledescription=\"slide\" aria-label=\"23 de 24\"><figure class=\"swiper-slide-inner\"><img decoding=\"async\" class=\"swiper-slide-image\" src=\"https:\/\/www.quali-s.com\/wp-content\/uploads\/elementor\/thumbs\/434461748_381896508138027_7584189234364891876_n-qpy5yeld24r8fbgt1xt23ltpaivi5gk4xg63bspwbg.jpg\" alt=\"434461748_381896508138027_7584189234364891876_n\" \/><\/figure><\/div><div class=\"swiper-slide\" role=\"group\" aria-roledescription=\"slide\" aria-label=\"24 de 24\"><figure class=\"swiper-slide-inner\"><img decoding=\"async\" class=\"swiper-slide-image\" src=\"https:\/\/www.quali-s.com\/wp-content\/uploads\/elementor\/thumbs\/363443299_238923869101959_7657767487451374370_n-qpy5y494yyd2vlvtqbc5u6fmraagssf380zr1r587w.jpg\" alt=\"363443299_238923869101959_7657767487451374370_n\" \/><\/figure><\/div>\t\t\t<\/div>\n\t\t\t\t\t\t\t\t\t\t\t\t<div class=\"elementor-swiper-button elementor-swiper-button-prev\" role=\"button\" tabindex=\"0\">\n\t\t\t\t\t\t<svg aria-hidden=\"true\" class=\"e-font-icon-svg e-eicon-chevron-left\" viewBox=\"0 0 1000 1000\" xmlns=\"http:\/\/www.w3.org\/2000\/svg\"><path d=\"M646 125C629 125 613 133 604 142L308 442C296 454 292 471 292 487 292 504 296 521 308 533L604 854C617 867 629 875 646 875 663 875 679 871 692 858 704 846 713 829 713 812 713 796 708 779 692 767L438 487 692 225C700 217 708 204 708 187 708 171 704 154 692 142 675 129 663 125 646 125Z\"><\/path><\/svg>\t\t\t\t\t<\/div>\n\t\t\t\t\t<div class=\"elementor-swiper-button elementor-swiper-button-next\" role=\"button\" tabindex=\"0\">\n\t\t\t\t\t\t<svg aria-hidden=\"true\" class=\"e-font-icon-svg e-eicon-chevron-right\" viewBox=\"0 0 1000 1000\" xmlns=\"http:\/\/www.w3.org\/2000\/svg\"><path d=\"M696 533C708 521 713 504 713 487 713 471 708 454 696 446L400 146C388 133 375 125 354 125 338 125 325 129 313 142 300 154 292 171 292 187 292 204 296 221 308 233L563 492 304 771C292 783 288 800 288 817 288 833 296 850 308 863 321 871 338 875 354 875 371 875 388 867 400 854L696 533Z\"><\/path><\/svg>\t\t\t\t\t<\/div>\n\t\t\t\t\n\t\t\t\t\t\t\t\t\t<div class=\"swiper-pagination\"><\/div>\n\t\t\t\t\t\t\t\t\t<\/div>\n\t\t\t\t<\/div>\n\t\t\t\t<\/div>\n\t\t\t\t<div class=\"elementor-element elementor-element-3cfad80 elementor-widget elementor-widget-text-editor\" data-id=\"3cfad80\" data-element_type=\"widget\" data-widget_type=\"text-editor.default\">\n\t\t\t\t<div class=\"elementor-widget-container\">\n\t\t\t<style>\/*! elementor - v3.21.0 - 22-05-2024 *\/\n.elementor-widget-text-editor.elementor-drop-cap-view-stacked .elementor-drop-cap{background-color:#69727d;color:#fff}.elementor-widget-text-editor.elementor-drop-cap-view-framed .elementor-drop-cap{color:#69727d;border:3px solid;background-color:transparent}.elementor-widget-text-editor:not(.elementor-drop-cap-view-default) .elementor-drop-cap{margin-top:8px}.elementor-widget-text-editor:not(.elementor-drop-cap-view-default) .elementor-drop-cap-letter{width:1em;height:1em}.elementor-widget-text-editor .elementor-drop-cap{float:left;text-align:center;line-height:1;font-size:50px}.elementor-widget-text-editor .elementor-drop-cap-letter{display:inline-block}<\/style>\t\t\t\t<div><div>En <strong>QUALI\u2022S<\/strong>\u00a0somos pioneros en la automatizaci\u00f3n de la Gesti\u00f3n de la Calidad en Instituciones Educativas. Con m\u00e1s de 20 a\u00f1os de experiencia en la implementaci\u00f3n de Sistemas de Gesti\u00f3n de Calidad, hemos desarrollado un software propio que se distingue por su capacidad para transformar la administraci\u00f3n educativa.<\/div><div>\u00a0<\/div><div>Nuestra herramienta, creada a partir de la vasta experiencia de su fundador en roles claves como rector, vicerrector, director de Tecnolog\u00edas y docente, est\u00e1 dise\u00f1ada para responder a las necesidades reales y pr\u00e1cticas de las instituciones educativas.<\/div><div>\u00a0<\/div><div>Nuestro innovador software, <strong>QUALI\u2022S<\/strong>, no es solo una herramienta; es una soluci\u00f3n integral dise\u00f1ada para gestionar aut\u00f3nomamente las \u00e1reas m\u00e1s cr\u00edticas de una instituci\u00f3n educativa:<\/div><\/div><div><div dir=\"auto\" data-message-author-role=\"assistant\" data-message-id=\"f26d4495-8765-49fc-80c7-b24c70eab347\"><div dir=\"auto\" data-message-author-role=\"assistant\" data-message-id=\"0592d7d4-ce42-4887-8e3a-120dceb279b7\"><p><img fetchpriority=\"high\" decoding=\"async\" class=\"alignnone wp-image-667 size-full\" src=\"https:\/\/www.quali-s.com\/wp-content\/uploads\/2024\/06\/Areas-de-QUALIS-1.png\" alt=\"\" width=\"2920\" height=\"1200\" srcset=\"https:\/\/www.quali-s.com\/wp-content\/uploads\/2024\/06\/Areas-de-QUALIS-1.png 2920w, https:\/\/www.quali-s.com\/wp-content\/uploads\/2024\/06\/Areas-de-QUALIS-1-300x123.png 300w, https:\/\/www.quali-s.com\/wp-content\/uploads\/2024\/06\/Areas-de-QUALIS-1-1024x421.png 1024w, https:\/\/www.quali-s.com\/wp-content\/uploads\/2024\/06\/Areas-de-QUALIS-1-768x316.png 768w, https:\/\/www.quali-s.com\/wp-content\/uploads\/2024\/06\/Areas-de-QUALIS-1-1536x631.png 1536w, https:\/\/www.quali-s.com\/wp-content\/uploads\/2024\/06\/Areas-de-QUALIS-1-2048x842.png 2048w, https:\/\/www.quali-s.com\/wp-content\/uploads\/2024\/06\/Areas-de-QUALIS-1-146x60.png 146w\" sizes=\"(max-width: 2920px) 100vw, 2920px\" \/><\/p><p>Estas \u00e1reas son fundamentales para asegurar y elevar la calidad institucional, permitiendo a los administradores concentrarse en decisiones estrat\u00e9gicas en lugar de tareas operativas.<\/p><p>En\u00a0<strong>QUALI\u2022S<\/strong>, no nos limitamos a ofrecer un software; proporcionamos una soluci\u00f3n \u00fanica y especializada que asegura la gesti\u00f3n integral de la calidad de su instituci\u00f3n y ofrece resultados tangibles y medibles.<\/p><\/div><\/div><\/div>\t\t\t\t\t\t<\/div>\n\t\t\t\t<\/div>\n\t\t\t\t<div class=\"elementor-element elementor-element-765b925 elementor-widget elementor-widget-text-editor\" data-id=\"765b925\" data-element_type=\"widget\" data-widget_type=\"text-editor.default\">\n\t\t\t\t<div class=\"elementor-widget-container\">\n\t\t\t\t\t\t\t<div>\n<div>\n<h2><strong>Nuestros Valores:<\/strong><\/h2>\n<div><\/div>\n<div style=\"text-align: center;\"><strong><img decoding=\"async\" class=\"wp-image-676 aligncenter\" src=\"https:\/\/www.quali-s.com\/wp-content\/uploads\/2024\/06\/1-300x300.png\" alt=\"\" width=\"80\" height=\"80\" srcset=\"https:\/\/www.quali-s.com\/wp-content\/uploads\/2024\/06\/1-300x300.png 300w, https:\/\/www.quali-s.com\/wp-content\/uploads\/2024\/06\/1-1024x1024.png 1024w, https:\/\/www.quali-s.com\/wp-content\/uploads\/2024\/06\/1-150x150.png 150w, https:\/\/www.quali-s.com\/wp-content\/uploads\/2024\/06\/1-768x768.png 768w, https:\/\/www.quali-s.com\/wp-content\/uploads\/2024\/06\/1-370x370.png 370w, https:\/\/www.quali-s.com\/wp-content\/uploads\/2024\/06\/1-60x60.png 60w, https:\/\/www.quali-s.com\/wp-content\/uploads\/2024\/06\/1.png 1080w\" sizes=\"(max-width: 80px) 100vw, 80px\" \/><\/strong><strong>Integridad:<\/strong><\/div>\n<div>Nos comprometemos a actuar con honestidad y transparencia en todas nuestras interacciones, asegurando que nuestras pr\u00e1cticas sean justas y \u00e9ticas.<\/div>\n<div><strong><img decoding=\"async\" class=\"wp-image-677 aligncenter\" src=\"https:\/\/www.quali-s.com\/wp-content\/uploads\/2024\/06\/2-300x300.png\" alt=\"\" width=\"80\" height=\"80\" srcset=\"https:\/\/www.quali-s.com\/wp-content\/uploads\/2024\/06\/2-300x300.png 300w, https:\/\/www.quali-s.com\/wp-content\/uploads\/2024\/06\/2-1024x1024.png 1024w, https:\/\/www.quali-s.com\/wp-content\/uploads\/2024\/06\/2-150x150.png 150w, https:\/\/www.quali-s.com\/wp-content\/uploads\/2024\/06\/2-768x768.png 768w, https:\/\/www.quali-s.com\/wp-content\/uploads\/2024\/06\/2-370x370.png 370w, https:\/\/www.quali-s.com\/wp-content\/uploads\/2024\/06\/2-60x60.png 60w, https:\/\/www.quali-s.com\/wp-content\/uploads\/2024\/06\/2.png 1080w\" sizes=\"(max-width: 80px) 100vw, 80px\" \/><\/strong><\/div>\n<\/div>\n<div dir=\"auto\" data-message-author-role=\"assistant\" data-message-id=\"f26d4495-8765-49fc-80c7-b24c70eab347\">\n<div dir=\"auto\" data-message-author-role=\"assistant\" data-message-id=\"0592d7d4-ce42-4887-8e3a-120dceb279b7\">\n<p style=\"text-align: center;\"><strong>Compromiso:<\/strong><\/p>\nEstamos dedicados a cumplir con las expectativas de nuestros clientes, entregando soluciones que a\u00f1adan valor y contribuyan al \u00e9xito de sus instituciones.\n<p style=\"text-align: center;\"><strong><img loading=\"lazy\" decoding=\"async\" class=\"size-medium wp-image-678 aligncenter\" src=\"https:\/\/www.quali-s.com\/wp-content\/uploads\/2024\/06\/3-300x300.png\" alt=\"\" width=\"80\" height=\"80\" srcset=\"https:\/\/www.quali-s.com\/wp-content\/uploads\/2024\/06\/3-300x300.png 300w, https:\/\/www.quali-s.com\/wp-content\/uploads\/2024\/06\/3-1024x1024.png 1024w, https:\/\/www.quali-s.com\/wp-content\/uploads\/2024\/06\/3-150x150.png 150w, https:\/\/www.quali-s.com\/wp-content\/uploads\/2024\/06\/3-768x768.png 768w, https:\/\/www.quali-s.com\/wp-content\/uploads\/2024\/06\/3-370x370.png 370w, https:\/\/www.quali-s.com\/wp-content\/uploads\/2024\/06\/3-60x60.png 60w, https:\/\/www.quali-s.com\/wp-content\/uploads\/2024\/06\/3.png 1080w\" sizes=\"(max-width: 80px) 100vw, 80px\" \/>Calidad:<\/strong><\/p>\n<p style=\"text-align: center;\">En cada proyecto, buscamos la excelencia y trabajamos incansablemente para superar los est\u00e1ndares establecidos, asegurando que nuestros servicios sean de la m\u00e1s alta calidad.<\/p>\n<p style=\"text-align: center;\"><strong><img loading=\"lazy\" decoding=\"async\" class=\"size-medium wp-image-679 aligncenter\" src=\"https:\/\/www.quali-s.com\/wp-content\/uploads\/2024\/06\/4-300x300.png\" alt=\"\" width=\"80\" height=\"80\" srcset=\"https:\/\/www.quali-s.com\/wp-content\/uploads\/2024\/06\/4-300x300.png 300w, https:\/\/www.quali-s.com\/wp-content\/uploads\/2024\/06\/4-1024x1024.png 1024w, https:\/\/www.quali-s.com\/wp-content\/uploads\/2024\/06\/4-150x150.png 150w, https:\/\/www.quali-s.com\/wp-content\/uploads\/2024\/06\/4-768x768.png 768w, https:\/\/www.quali-s.com\/wp-content\/uploads\/2024\/06\/4-370x370.png 370w, https:\/\/www.quali-s.com\/wp-content\/uploads\/2024\/06\/4-60x60.png 60w, https:\/\/www.quali-s.com\/wp-content\/uploads\/2024\/06\/4.png 1080w\" sizes=\"(max-width: 80px) 100vw, 80px\" \/>Innovaci\u00f3n:<\/strong><\/p>\nPromovemos la creatividad y el uso de tecnolog\u00edas avanzadas para ofrecer soluciones innovadoras que se adapten a las cambiantes necesidades del entorno educativo.\n\n<hr \/>\n\nNos dedicamos a elevar los est\u00e1ndares educativos y a permitir que los l\u00edderes de las instituciones se enfoquen en lo que realmente importa: estrategias y resultados que distinguen a su instituci\u00f3n sobre las dem\u00e1s.\n\nEn\u00a0<strong>QUALI\u2022S<\/strong>, valoramos el trabajo bien hecho y estamos comprometidos en contribuir con herramientas innovadoras que impulsen la mejora continua en el \u00e1mbito educativo.\n<\/div>\t\t\t\t\t\t<\/div>\n\t\t\t\t<\/div>\n\t\t\t\t\t<\/div>\n\t\t\t\t<\/div>\n\t\t\t\t<\/div>\n\t\t","protected":false},"excerpt":{"rendered":"<p>En QUALI\u2022S\u00a0somos pioneros en la automatizaci\u00f3n de la Gesti\u00f3n de la Calidad en Instituciones Educativas. Con m\u00e1s de 20 a\u00f1os de experiencia en la implementaci\u00f3n de Sistemas de Gesti\u00f3n de Calidad, hemos desarrollado un software propio que se distingue por su capacidad para transformar la administraci\u00f3n educativa.\u00a0Nuestra herramienta, creada a partir de la vasta experiencia &hellip; <\/p>\n","protected":false},"author":1,"featured_media":0,"parent":0,"menu_order":0,"comment_status":"closed","ping_status":"closed","template":"","meta":{"footnotes":""},"class_list":["post-613","page","type-page","status-publish","hentry"],"_links":{"self":[{"href":"https:\/\/www.quali-s.com\/index.php?rest_route=\/wp\/v2\/pages\/613","targetHints":{"allow":["GET"]}}],"collection":[{"href":"https:\/\/www.quali-s.com\/index.php?rest_route=\/wp\/v2\/pages"}],"about":[{"href":"https:\/\/www.quali-s.com\/index.php?rest_route=\/wp\/v2\/types\/page"}],"author":[{"embeddable":true,"href":"https:\/\/www.quali-s.com\/index.php?rest_route=\/wp\/v2\/users\/1"}],"replies":[{"embeddable":true,"href":"https:\/\/www.quali-s.com\/index.php?rest_route=%2Fwp%2Fv2%2Fcomments&post=613"}],"version-history":[{"count":52,"href":"https:\/\/www.quali-s.com\/index.php?rest_route=\/wp\/v2\/pages\/613\/revisions"}],"predecessor-version":[{"id":706,"href":"https:\/\/www.quali-s.com\/index.php?rest_route=\/wp\/v2\/pages\/613\/revisions\/706"}],"wp:attachment":[{"href":"https:\/\/www.quali-s.com\/index.php?rest_route=%2Fwp%2Fv2%2Fmedia&parent=613"}],"curies":[{"name":"wp","href":"https:\/\/api.w.org\/{rel}","templated":true}]}}