{"id":169,"date":"2024-05-17T06:21:14","date_gmt":"2024-05-17T06:21:14","guid":{"rendered":"https:\/\/www.quali-s.com\/?page_id=169"},"modified":"2024-06-25T01:13:14","modified_gmt":"2024-06-25T01:13:14","slug":"manuales-de-procedimientos","status":"publish","type":"page","link":"https:\/\/www.quali-s.com\/?page_id=169","title":{"rendered":"Gesti\u00f3n de Calidad"},"content":{"rendered":"\t\t<div data-elementor-type=\"wp-page\" data-elementor-id=\"169\" class=\"elementor elementor-169\">\n\t\t\t\t<div class=\"elementor-element elementor-element-62fa27a e-flex e-con-boxed e-con e-parent\" data-id=\"62fa27a\" data-element_type=\"container\">\n\t\t\t\t\t<div class=\"e-con-inner\">\n\t\t\t\t<div class=\"elementor-element elementor-element-9ac690d elementor-widget elementor-widget-text-editor\" data-id=\"9ac690d\" data-element_type=\"widget\" data-widget_type=\"text-editor.default\">\n\t\t\t\t<div class=\"elementor-widget-container\">\n\t\t\t<style>\/*! elementor - v3.21.0 - 22-05-2024 *\/\n.elementor-widget-text-editor.elementor-drop-cap-view-stacked .elementor-drop-cap{background-color:#69727d;color:#fff}.elementor-widget-text-editor.elementor-drop-cap-view-framed .elementor-drop-cap{color:#69727d;border:3px solid;background-color:transparent}.elementor-widget-text-editor:not(.elementor-drop-cap-view-default) .elementor-drop-cap{margin-top:8px}.elementor-widget-text-editor:not(.elementor-drop-cap-view-default) .elementor-drop-cap-letter{width:1em;height:1em}.elementor-widget-text-editor .elementor-drop-cap{float:left;text-align:center;line-height:1;font-size:50px}.elementor-widget-text-editor .elementor-drop-cap-letter{display:inline-block}<\/style>\t\t\t\t<p>Nuestros servicios de implementaci\u00f3n de Sistema de Gesti\u00f3n de Calidad se centran en la creaci\u00f3n y alineaci\u00f3n de 65 manuales de procedimientos con est\u00e1ndares internacionales y las normativas del Ministerio de Educaci\u00f3n.&nbsp;<\/p>\n<p>A trav\u00e9s de un enfoque meticuloso y personalizado, trabajamos para asegurar que cada instituci\u00f3n educativa pueda gestionar eficazmente sus procesos, asegurando la calidad educativa y cumpliendo con los requisitos regulatorios. Implementamos herramientas avanzadas, como nuestro software&nbsp;<span style=\"color: var( --e-global-color-text ); font-family: var( --e-global-typography-text-font-family ), Sans-serif; font-weight: var( --e-global-typography-text-font-weight ); text-align: var(--text-align);\">QUALI\u2022S<\/span><span style=\"color: var( --e-global-color-text ); font-family: var( --e-global-typography-text-font-family ), Sans-serif; font-weight: var( --e-global-typography-text-font-weight ); text-align: var(--text-align);\">, para facilitar la administraci\u00f3n y el seguimiento continuo del sistema, garantizando as\u00ed un entorno educativo que promueve la excelencia y la mejora continua.<\/span><\/p>\t\t\t\t\t\t<\/div>\n\t\t\t\t<\/div>\n\t\t\t\t<div class=\"elementor-element elementor-element-1cd4618 elementor-widget elementor-widget-text-editor\" data-id=\"1cd4618\" data-element_type=\"widget\" data-widget_type=\"text-editor.default\">\n\t\t\t\t<div class=\"elementor-widget-container\">\n\t\t\t\t\t\t\t<table><tbody><tr><td colspan=\"3\" width=\"573\"><strong>PROCEDIMIENTOS ACAD\u00c9MICOS<\/strong><\/td><\/tr><tr><td width=\"100\">1)\u00a0Junta General y Consejo Ejecutivo<\/td><td width=\"100\">2)\u00a0Planificaci\u00f3n de los Aprendizajes<\/td><td width=\"100\">3)\u00a0Atenci\u00f3n a Padres de Familia<\/td><\/tr><tr><td width=\"100\">4)\u00a0Construcci\u00f3n y Seguimiento al PEI<\/td><td width=\"100\">5)\u00a0Evaluaci\u00f3n de los Aprendizajes<\/td><td width=\"100\">6)\u00a0Planificaci\u00f3n del DECE<\/td><\/tr><tr><td width=\"191\">7)\u00a0Elaboraci\u00f3n del C\u00f3digo de Convivencia<\/td><td width=\"191\">8)\u00a0Refuerzos Acad\u00e9micos<\/td><td width=\"191\">9)\u00a0Apoyo Psicopedag\u00f3gico<\/td><\/tr><tr><td width=\"191\">10)\u00a0Participaci\u00f3n del Consejo Estudiantil<\/td><td width=\"191\">11)\u00a0Acompa\u00f1amiento Pedag\u00f3gico a Docentes<\/td><td width=\"191\">12)\u00a0Proyectos de Prevenci\u00f3n y Promoci\u00f3n<\/td><\/tr><tr><td width=\"191\">13) Participaci\u00f3n de Padres de Familia<\/td><td width=\"191\">14) Proyectos Escolares<\/td><td width=\"191\">15) Inclusi\u00f3n y Atenci\u00f3n a las NEE<\/td><\/tr><tr><td width=\"191\">16) Incorporaci\u00f3n de Graduados<\/td><td width=\"191\">17) Programa de Participaci\u00f3n Estudiantil<\/td><td width=\"191\">18) Orientaci\u00f3n Vocacional<\/td><\/tr><tr><td width=\"191\">19)\u00a0\u00a0 Seguimiento a Estudiantes Graduados<\/td><td width=\"191\">20)\u00a0 Control de Asistencia de Estudiantes<\/td><td width=\"191\">21)\u00a0\u00a0 Organizaci\u00f3n de Extracurriculares<\/td><\/tr><tr><td width=\"191\">22)\u00a0Elaboraci\u00f3n del Distributivo<\/td><td width=\"191\">23)\u00a0Control del Comportamiento Estudiantes<\/td><td width=\"191\">24)\u00a0Admisi\u00f3n a Extracurriculares<\/td><\/tr><tr><td width=\"191\">25)\u00a0Elaboraci\u00f3n de Horarios<\/td><td width=\"191\">26)\u00a0Control de Asistencia de Docente<\/td><td width=\"191\">27)\u00a0Control de estudiantes en Extracurriculares<\/td><\/tr><tr><td width=\"191\">\u00a0<\/td><td width=\"191\">\u00a0<\/td><td width=\"191\">28) Salidas Pedag\u00f3gicas<\/td><\/tr><tr><td colspan=\"3\" width=\"573\"><strong>PROCEDIMIENTOS ADMINISTRATIVOS<\/strong><\/td><\/tr><tr><td width=\"191\">29) Elaboraci\u00f3n y Control Presupuestario<\/td><td width=\"191\">30)\u00a0Seguridad y Gesti\u00f3n de Riesgos<\/td><td width=\"191\">31)\u00a0Gesti\u00f3n de Servicios Complementarios<\/td><\/tr><tr><td width=\"191\">32)\u00a0Cobro de Matr\u00edculas y Pensiones<\/td><td width=\"191\">33)\u00a0Uso de espacios<\/td><td width=\"191\">34)\u00a0Atenci\u00f3n y Calificaci\u00f3n de Proveedores<\/td><\/tr><tr><td width=\"191\">35)\u00a0Cobro de Cartera Vencida<\/td><td width=\"191\">36)\u00a0Admisi\u00f3n y Marketing Educativo<\/td><td width=\"191\">37)\u00a0Adquisici\u00f3n de Bienes y Servicios<\/td><\/tr><tr><td width=\"191\">38)\u00a0Actividad Contable<\/td><td width=\"191\">39)\u00a0Matr\u00edcula de Estudiantes<\/td><td width=\"191\">40)\u00a0Inventario y Control de Activos<\/td><\/tr><tr><td width=\"191\">41)\u00a0Gesti\u00f3n Tributaria (SRI)<\/td><td width=\"191\">42)\u00a0Organizaci\u00f3n del Nuevo A\u00f1o Lectivo<\/td><td width=\"191\">43)\u00a0Construcci\u00f3n de la Infraestructura<\/td><\/tr><tr><td width=\"191\">44) Manejo de N\u00f3mina y Beneficios<\/td><td width=\"191\">45) Desglose de documentos<\/td><td width=\"191\">46) Mantenimiento de la Infraestructura<\/td><\/tr><tr><td width=\"191\">47)\u00a0Juntas de la Promotora<\/td><td width=\"191\">48) Obtenci\u00f3n de Permisos de Funcionamiento<\/td><td width=\"191\">49)\u00a0Limpieza General de la Instituci\u00f3n<\/td><\/tr><tr><td width=\"191\">50)\u00a0Asignaci\u00f3n de Becas y Descuentos<\/td><td width=\"191\">51)\u00a0Gesti\u00f3n con la Junta Reguladora de Costos<\/td><td width=\"191\">52)\u00a0Comunicaci\u00f3n Interna y Externa<\/td><\/tr><tr><td width=\"191\">53)\u00a0Convenios y Alianzas<\/td><td width=\"191\">54)\u00a0Contrataci\u00f3n y pago al personal<\/td><td width=\"191\">55)\u00a0Satisfacci\u00f3n y Reclamos<\/td><\/tr><tr><td width=\"191\">56)\u00a0Gesti\u00f3n Documental del SGC<\/td><td width=\"191\">57)\u00a0Bienestar del Talento Humano<\/td><td width=\"191\">58)\u00a0Administraci\u00f3n de Equipos Tecnol\u00f3gicos<\/td><\/tr><tr><td width=\"191\">59)\u00a0Control Interno<\/td><td width=\"191\">60)\u00a0Control Laboral<\/td><td width=\"191\">61)\u00a0Soporte a usuarios<\/td><\/tr><tr><td width=\"191\">62)\u00a0Auditor\u00eda del SGC<\/td><td width=\"191\">63)\u00a0Revisi\u00f3n por la Direcci\u00f3n<\/td><td width=\"191\">64)\u00a0Atenci\u00f3n m\u00e9dica a estudiantes<\/td><\/tr><tr><td width=\"191\">\u00a0<\/td><td width=\"191\">\u00a0<\/td><td width=\"191\">65)\u00a0Campa\u00f1as de vacunaci\u00f3n<\/td><\/tr><\/tbody><\/table>\t\t\t\t\t\t<\/div>\n\t\t\t\t<\/div>\n\t\t\t\t<div class=\"elementor-element elementor-element-0a784ee elementor-widget elementor-widget-text-editor\" data-id=\"0a784ee\" data-element_type=\"widget\" data-widget_type=\"text-editor.default\">\n\t\t\t\t<div class=\"elementor-widget-container\">\n\t\t\t\t\t\t\t<p>Implementar un sistema de gesti\u00f3n de calidad ofrece una serie de beneficios significativos para cualquier organizaci\u00f3n, incluyendo instituciones educativas. Aqu\u00ed algunos de los principales beneficios:<\/p><ol><li><strong style=\"font-size: 0.9em; color: var( --e-global-color-text ); font-family: var( --e-global-typography-text-font-family ), Sans-serif; text-align: var(--text-align);\">Mejora Continua:<\/strong><span style=\"font-size: 0.9em; color: var( --e-global-color-text ); font-family: var( --e-global-typography-text-font-family ), Sans-serif; text-align: var(--text-align);\"> Facilita la identificaci\u00f3n de \u00e1reas de mejora dentro de la instituci\u00f3n educativa, promoviendo la eficiencia y la eficacia en los procesos.<\/span><\/li><li><strong style=\"font-size: 0.9em; color: var( --e-global-color-text ); font-family: var( --e-global-typography-text-font-family ), Sans-serif; text-align: var(--text-align);\">Cumplimiento Normativo:<\/strong><span style=\"font-size: 0.9em; color: var( --e-global-color-text ); font-family: var( --e-global-typography-text-font-family ), Sans-serif; text-align: var(--text-align);\"> Ayuda a cumplir con las normativas y regulaciones establecidas por el Ministerio de Educaci\u00f3n y otros organismos pertinentes.<\/span><\/li><li><strong style=\"font-size: 0.9em; color: var( --e-global-color-text ); font-family: var( --e-global-typography-text-font-family ), Sans-serif; text-align: var(--text-align);\">Estandarizaci\u00f3n:<\/strong><span style=\"font-size: 0.9em; color: var( --e-global-color-text ); font-family: var( --e-global-typography-text-font-family ), Sans-serif; text-align: var(--text-align);\"> Establece procedimientos y pr\u00e1cticas estandarizadas que aseguran la coherencia en la prestaci\u00f3n de servicios educativos.<\/span><\/li><li><strong style=\"font-size: 0.9em; color: var( --e-global-color-text ); font-family: var( --e-global-typography-text-font-family ), Sans-serif; text-align: var(--text-align);\">Transparencia y Responsabilidad:<\/strong><span style=\"font-size: 0.9em; color: var( --e-global-color-text ); font-family: var( --e-global-typography-text-font-family ), Sans-serif; text-align: var(--text-align);\"> Mejora la transparencia en la gesti\u00f3n y responsabilidad de todos los miembros del personal educativo.<\/span><\/li><li><strong style=\"font-size: 0.9em; color: var( --e-global-color-text ); font-family: var( --e-global-typography-text-font-family ), Sans-serif; text-align: var(--text-align);\">Satisfacci\u00f3n de los Estudiantes y Padres:<\/strong><span style=\"font-size: 0.9em; color: var( --e-global-color-text ); font-family: var( --e-global-typography-text-font-family ), Sans-serif; text-align: var(--text-align);\"> Aumenta la satisfacci\u00f3n de los estudiantes y padres al garantizar la calidad y consistencia en la entrega de la educaci\u00f3n.<\/span><\/li><li><strong style=\"font-size: 0.9em; color: var( --e-global-color-text ); font-family: var( --e-global-typography-text-font-family ), Sans-serif; text-align: var(--text-align);\">Reducci\u00f3n de Costos:<\/strong><span style=\"font-size: 0.9em; color: var( --e-global-color-text ); font-family: var( --e-global-typography-text-font-family ), Sans-serif; text-align: var(--text-align);\"> Optimiza el uso de recursos y reduce los costos operativos al eliminar actividades innecesarias y mejorar la eficiencia.<\/span><\/li><li><strong style=\"font-size: 0.9em; color: var( --e-global-color-text ); font-family: var( --e-global-typography-text-font-family ), Sans-serif; text-align: var(--text-align);\">Reconocimiento y Prestigio:<\/strong><span style=\"font-size: 0.9em; color: var( --e-global-color-text ); font-family: var( --e-global-typography-text-font-family ), Sans-serif; text-align: var(--text-align);\"> Puede aumentar el prestigio y la reputaci\u00f3n de la instituci\u00f3n educativa al demostrar su compromiso con la calidad y la mejora continua.<\/span><\/li><li><strong style=\"font-size: 0.9em; color: var( --e-global-color-text ); font-family: var( --e-global-typography-text-font-family ), Sans-serif; text-align: var(--text-align);\">Desarrollo Profesional:<\/strong><span style=\"font-size: 0.9em; color: var( --e-global-color-text ); font-family: var( --e-global-typography-text-font-family ), Sans-serif; text-align: var(--text-align);\"> Fomenta el desarrollo profesional del personal educativo al proporcionar estructuras claras para la capacitaci\u00f3n y el crecimiento.<\/span><\/li><\/ol><p>Implementar un sistema de gesti\u00f3n de calidad no solo mejora la organizaci\u00f3n interna y la eficiencia operativa, sino que tambi\u00e9n fortalece la posici\u00f3n competitiva de la instituci\u00f3n educativa en el mercado educativo actual.<\/p>\t\t\t\t\t\t<\/div>\n\t\t\t\t<\/div>\n\t\t\t\t\t<\/div>\n\t\t\t\t<\/div>\n\t\t\t\t<\/div>\n\t\t","protected":false},"excerpt":{"rendered":"<p>Nuestros servicios de implementaci\u00f3n de Sistema de Gesti\u00f3n de Calidad se centran en la creaci\u00f3n y alineaci\u00f3n de 65 manuales de procedimientos con est\u00e1ndares internacionales y las normativas del Ministerio de Educaci\u00f3n.&nbsp; A trav\u00e9s de un enfoque meticuloso y personalizado, trabajamos para asegurar que cada instituci\u00f3n educativa pueda gestionar eficazmente sus procesos, asegurando la calidad &hellip; <\/p>\n","protected":false},"author":1,"featured_media":0,"parent":0,"menu_order":0,"comment_status":"closed","ping_status":"closed","template":"","meta":{"footnotes":""},"class_list":["post-169","page","type-page","status-publish","hentry"],"_links":{"self":[{"href":"https:\/\/www.quali-s.com\/index.php?rest_route=\/wp\/v2\/pages\/169","targetHints":{"allow":["GET"]}}],"collection":[{"href":"https:\/\/www.quali-s.com\/index.php?rest_route=\/wp\/v2\/pages"}],"about":[{"href":"https:\/\/www.quali-s.com\/index.php?rest_route=\/wp\/v2\/types\/page"}],"author":[{"embeddable":true,"href":"https:\/\/www.quali-s.com\/index.php?rest_route=\/wp\/v2\/users\/1"}],"replies":[{"embeddable":true,"href":"https:\/\/www.quali-s.com\/index.php?rest_route=%2Fwp%2Fv2%2Fcomments&post=169"}],"version-history":[{"count":26,"href":"https:\/\/www.quali-s.com\/index.php?rest_route=\/wp\/v2\/pages\/169\/revisions"}],"predecessor-version":[{"id":713,"href":"https:\/\/www.quali-s.com\/index.php?rest_route=\/wp\/v2\/pages\/169\/revisions\/713"}],"wp:attachment":[{"href":"https:\/\/www.quali-s.com\/index.php?rest_route=%2Fwp%2Fv2%2Fmedia&parent=169"}],"curies":[{"name":"wp","href":"https:\/\/api.w.org\/{rel}","templated":true}]}}